{"id":67,"date":"2014-08-17T02:16:35","date_gmt":"2014-08-17T00:16:35","guid":{"rendered":"http:\/\/goteborglacrosse.wordpress.com\/?page_id=67"},"modified":"2020-10-26T20:00:15","modified_gmt":"2020-10-26T19:00:15","slug":"lankar","status":"publish","type":"page","link":"https:\/\/goteborglacrosse.se\/index.php\/lankar\/","title":{"rendered":"L\u00e4nkar"},"content":{"rendered":"<h3><span style=\"text-decoration: underline;\"><strong>Sverige<\/strong><\/span><\/h3>\n<h5>Svenska Lacrossef\u00f6rbundet &#8211;<a href=\"http:\/\/www.lacrosse.se\" target=\"_blank\" rel=\"noopener noreferrer\">Lacrosse.se<\/a><\/h5>\n<h5>Karlstad Vikings Lacrosse &#8211; <a href=\"https:\/\/www.facebook.com\/ClcVikings\" target=\"_blank\" rel=\"noopener noreferrer\">Vikings<\/a><\/h5>\n<h5>Link\u00f6ping\/Norrk\u00f6ping Lacrosse &#8211; <a href=\"http:\/\/linkopinglacrosse.se\/\" target=\"_blank\" rel=\"noopener noreferrer\">Linkoping Lacrosse<\/a><\/h5>\n<h5>Lule\u00e5 Lacrosse &#8211; <a href=\"http:\/\/www.mittlivsstil.se\/sektioner\/lacrosse\/\" target=\"_blank\" rel=\"noopener noreferrer\">Lule\u00e5 Lacrosse<\/a><\/h5>\n<h5>Lund Lacrosse &#8211; <a href=\"https:\/\/www.facebook.com\/lundlacrosse\" target=\"_blank\" rel=\"noopener noreferrer\">Lund Lacrosse<\/a><\/h5>\n<h5>Nordia Lacrosse &#8211; <a href=\"https:\/\/www.facebook.com\/nordialacrosse\" target=\"_blank\" rel=\"noopener noreferrer\">Nordia Lacrosse<\/a><\/h5>\n<h5>Sundbyberg Lacrosse &#8211; <a href=\"https:\/\/www.facebook.com\/sundbyberglacrosse\" target=\"_blank\" rel=\"noopener noreferrer\">Sundbyberg Lacrosse<\/a><\/h5>\n<h5>Pite\u00e5 Patriots Lacrosse &#8211; <a href=\"https:\/\/www.facebook.com\/pitepatriotslacrosse\" target=\"_blank\" rel=\"noopener noreferrer\">Pite Patriots Lacrosse<\/a><\/h5>\n<h4><\/h4>\n<h3><span style=\"text-decoration: underline;\"><strong>Internationellt<\/strong><\/span><\/h3>\n<h5>Europeiska Lacrossef\u00f6rbundet &#8211; <a href=\"http:\/\/www.europeanlacrosse.org\/\" target=\"_blank\" rel=\"noopener noreferrer\">European Lacrosse<\/a><\/h5>\n<h5>Internationella Lacrossef\u00f6rbundet &#8211; <a href=\"http:\/\/filacrosse.com\/\" target=\"_blank\" rel=\"noopener noreferrer\">Fi Lacrosse<\/a><\/h5>\n","protected":false},"excerpt":{"rendered":"<p>Sverige Svenska Lacrossef\u00f6rbundet &#8211;Lacrosse.se Karlstad Vikings Lacrosse &#8211; Vikings Link\u00f6ping\/Norrk\u00f6ping Lacrosse &#8211; Linkoping Lacrosse Lule\u00e5 Lacrosse &#8211; Lule\u00e5 Lacrosse Lund Lacrosse &#8211; Lund Lacrosse Nordia Lacrosse &#8211; Nordia Lacrosse Sundbyberg Lacrosse &#8211; Sundbyberg Lacrosse Pite\u00e5 Patriots Lacrosse &#8211; Pite Patriots Lacrosse Internationellt Europeiska Lacrossef\u00f6rbundet &#8211; European Lacrosse Internationella Lacrossef\u00f6rbundet &#8211; Fi Lacrosse<\/p>\n","protected":false},"author":1,"featured_media":0,"parent":0,"menu_order":0,"comment_status":"closed","ping_status":"closed","template":"","meta":[],"_links":{"self":[{"href":"https:\/\/goteborglacrosse.se\/index.php\/wp-json\/wp\/v2\/pages\/67"}],"collection":[{"href":"https:\/\/goteborglacrosse.se\/index.php\/wp-json\/wp\/v2\/pages"}],"about":[{"href":"https:\/\/goteborglacrosse.se\/index.php\/wp-json\/wp\/v2\/types\/page"}],"author":[{"embeddable":true,"href":"https:\/\/goteborglacrosse.se\/index.php\/wp-json\/wp\/v2\/users\/1"}],"replies":[{"embeddable":true,"href":"https:\/\/goteborglacrosse.se\/index.php\/wp-json\/wp\/v2\/comments?post=67"}],"version-history":[{"count":6,"href":"https:\/\/goteborglacrosse.se\/index.php\/wp-json\/wp\/v2\/pages\/67\/revisions"}],"predecessor-version":[{"id":544,"href":"https:\/\/goteborglacrosse.se\/index.php\/wp-json\/wp\/v2\/pages\/67\/revisions\/544"}],"wp:attachment":[{"href":"https:\/\/goteborglacrosse.se\/index.php\/wp-json\/wp\/v2\/media?parent=67"}],"curies":[{"name":"wp","href":"https:\/\/api.w.org\/{rel}","templated":true}]}}