{"id":56,"date":"2014-08-17T02:08:04","date_gmt":"2014-08-17T00:08:04","guid":{"rendered":"http:\/\/goteborglacrosse.wordpress.com\/?page_id=56"},"modified":"2024-05-23T10:48:05","modified_gmt":"2024-05-23T08:48:05","slug":"goteborg-classic-lacrosse-tournament","status":"publish","type":"page","link":"https:\/\/goteborglacrosse.se\/index.php\/vara-turneringar\/goteborg-classic-lacrosse-tournament\/","title":{"rendered":"G\u00f6teborg Classic Lacrosse Tournament"},"content":{"rendered":"<p>Sedan 2007 har G\u00f6teborg Lacrosse arrangerat G\u00f6teborg Classic Lacrosse Tournament.<br \/>\nDetta \u00e4r en turnering i Field Lacrosse d\u00e4r slaget om den \u00e5tr\u00e5v\u00e4rda pokalen skede p\u00e5 Hedens konstgr\u00e4splaner mitt i centrala G\u00f6teborg. Genom \u00e5ren har lag fr\u00e5n Sverige, Norge, Danmark, Tyskland, Lettland och USA varit med och fightats om \u00e4ra och ber\u00f6mmelse. Turneringen har innefattat b\u00e5de en herrklass och en damklass.<\/p>\n<p>Allt handlar inte bara om att spela matcher p\u00e5 G\u00f6teborg Classic!<br \/>\nUt\u00f6ver sj\u00e4lva matcherna f\u00f6rekom \u00e4ven t\u00e4vlingar i speedshooting och trickshooting. En h\u00e4rlig k\u00e4nsla av kamratskap spelare emellan.<\/p>\n<p>Matcherna, m\u00e4nniskorna och aktiviteterna runt omkring \u00e4r vad som gjorde G\u00f6teborg Classic till den d\u00e4r helgen som skapade h\u00e4rliga minnen.<\/p>\n<p>Hoppas vi ses n\u00e5n g\u00e5ng!<\/p>\n<p><a href=\"https:\/\/goteborglacrosse.se\/wp-content\/uploads\/2024\/05\/Sea-Drakes-1.png\"><img decoding=\"async\" loading=\"lazy\" class=\"aligncenter wp-image-677 size-medium\" src=\"https:\/\/goteborglacrosse.se\/wp-content\/uploads\/2024\/05\/Sea-Drakes-1-261x300.png\" alt=\"\" width=\"261\" height=\"300\" srcset=\"https:\/\/goteborglacrosse.se\/wp-content\/uploads\/2024\/05\/Sea-Drakes-1-261x300.png 261w, https:\/\/goteborglacrosse.se\/wp-content\/uploads\/2024\/05\/Sea-Drakes-1-768x883.png 768w, https:\/\/goteborglacrosse.se\/wp-content\/uploads\/2024\/05\/Sea-Drakes-1.png 802w\" sizes=\"(max-width: 261px) 100vw, 261px\" \/><\/a><\/p>\n","protected":false},"excerpt":{"rendered":"<p>Sedan 2007 har G\u00f6teborg Lacrosse arrangerat G\u00f6teborg Classic Lacrosse Tournament. Detta \u00e4r en turnering i Field Lacrosse d\u00e4r slaget om den \u00e5tr\u00e5v\u00e4rda pokalen skede p\u00e5 Hedens konstgr\u00e4splaner mitt i centrala G\u00f6teborg. Genom \u00e5ren har lag fr\u00e5n Sverige, Norge, Danmark, Tyskland, Lettland och USA varit med och fightats om \u00e4ra och ber\u00f6mmelse. Turneringen har innefattat b\u00e5de [&hellip;]<\/p>\n","protected":false},"author":1,"featured_media":0,"parent":43,"menu_order":0,"comment_status":"closed","ping_status":"closed","template":"","meta":[],"_links":{"self":[{"href":"https:\/\/goteborglacrosse.se\/index.php\/wp-json\/wp\/v2\/pages\/56"}],"collection":[{"href":"https:\/\/goteborglacrosse.se\/index.php\/wp-json\/wp\/v2\/pages"}],"about":[{"href":"https:\/\/goteborglacrosse.se\/index.php\/wp-json\/wp\/v2\/types\/page"}],"author":[{"embeddable":true,"href":"https:\/\/goteborglacrosse.se\/index.php\/wp-json\/wp\/v2\/users\/1"}],"replies":[{"embeddable":true,"href":"https:\/\/goteborglacrosse.se\/index.php\/wp-json\/wp\/v2\/comments?post=56"}],"version-history":[{"count":3,"href":"https:\/\/goteborglacrosse.se\/index.php\/wp-json\/wp\/v2\/pages\/56\/revisions"}],"predecessor-version":[{"id":678,"href":"https:\/\/goteborglacrosse.se\/index.php\/wp-json\/wp\/v2\/pages\/56\/revisions\/678"}],"up":[{"embeddable":true,"href":"https:\/\/goteborglacrosse.se\/index.php\/wp-json\/wp\/v2\/pages\/43"}],"wp:attachment":[{"href":"https:\/\/goteborglacrosse.se\/index.php\/wp-json\/wp\/v2\/media?parent=56"}],"curies":[{"name":"wp","href":"https:\/\/api.w.org\/{rel}","templated":true}]}}