{"id":5,"date":"2014-05-31T20:20:29","date_gmt":"2014-05-31T20:20:29","guid":{"rendered":"http:\/\/goteborglacrosse.wordpress.com\/?page_id=1"},"modified":"2024-05-23T10:41:12","modified_gmt":"2024-05-23T08:41:12","slug":"about","status":"publish","type":"page","link":"https:\/\/goteborglacrosse.se\/index.php\/about\/","title":{"rendered":"Om Oss"},"content":{"rendered":"<h5>F\u00f6reningen bildades \u00e5r 2002 av Andreas Mark och Alexander Gross.<\/h5>\n<p>I b\u00f6rjan bestod f\u00f6reningen till st\u00f6rsta del av Chalmerister och spelades p\u00e5 korp och kompis-niv\u00e5.<\/p>\n<p>Idag har vi ett bredare spektrum av spelare, d\u00e4r vi har allt ifr\u00e5n landslagsspelare till helt nya f\u00f6rm\u00e5gor.<\/p>\n<p>Styrelsen best\u00e5r av<br \/>\nOrdf\u00f6rande: Daniel Johansson: ordforande(a)goteborglacrosse.se<br \/>\nKass\u00f6r:\u00a0Lena St\u00e5lby: kassor(a)goteborglacrosse.se<br \/>\nLedamot: Christopher Cavallin<br \/>\nLedamot: Robin Johansson<br \/>\nLedamot: Martin Palming<\/p>\n<p>Ledamot : Estelle Johansson<\/p>\n<p>Vill du vara med i styrelsen? Kontakta valberedningen<\/p>\n<p>Du finner v\u00e5ra stadgar h\u00e4r: <a href=\"http:\/\/goteborglacrosse.se\/wp-content\/uploads\/2015\/08\/Stadgar-G\u00f6teborg-Lacrosse-2015.pdf\" target=\"_blank\" rel=\"noopener noreferrer\">Stadgar G\u00f6teborg Lacrosse<\/a><br \/>\nDet senaste \u00e5rsm\u00f6tet h\u00f6lls\u00a0 27 April 2024.<br \/>\nOrganisationsnummer: 802432-3100<\/p>\n","protected":false},"excerpt":{"rendered":"<p>F\u00f6reningen bildades \u00e5r 2002 av Andreas Mark och Alexander Gross. I b\u00f6rjan bestod f\u00f6reningen till st\u00f6rsta del av Chalmerister och spelades p\u00e5 korp och kompis-niv\u00e5. Idag har vi ett bredare spektrum av spelare, d\u00e4r vi har allt ifr\u00e5n landslagsspelare till helt nya f\u00f6rm\u00e5gor. Styrelsen best\u00e5r av Ordf\u00f6rande: Daniel Johansson: ordforande(a)goteborglacrosse.se Kass\u00f6r:\u00a0Lena St\u00e5lby: kassor(a)goteborglacrosse.se Ledamot: Christopher [&hellip;]<\/p>\n","protected":false},"author":1,"featured_media":0,"parent":0,"menu_order":0,"comment_status":"closed","ping_status":"closed","template":"","meta":[],"_links":{"self":[{"href":"https:\/\/goteborglacrosse.se\/index.php\/wp-json\/wp\/v2\/pages\/5"}],"collection":[{"href":"https:\/\/goteborglacrosse.se\/index.php\/wp-json\/wp\/v2\/pages"}],"about":[{"href":"https:\/\/goteborglacrosse.se\/index.php\/wp-json\/wp\/v2\/types\/page"}],"author":[{"embeddable":true,"href":"https:\/\/goteborglacrosse.se\/index.php\/wp-json\/wp\/v2\/users\/1"}],"replies":[{"embeddable":true,"href":"https:\/\/goteborglacrosse.se\/index.php\/wp-json\/wp\/v2\/comments?post=5"}],"version-history":[{"count":12,"href":"https:\/\/goteborglacrosse.se\/index.php\/wp-json\/wp\/v2\/pages\/5\/revisions"}],"predecessor-version":[{"id":669,"href":"https:\/\/goteborglacrosse.se\/index.php\/wp-json\/wp\/v2\/pages\/5\/revisions\/669"}],"wp:attachment":[{"href":"https:\/\/goteborglacrosse.se\/index.php\/wp-json\/wp\/v2\/media?parent=5"}],"curies":[{"name":"wp","href":"https:\/\/api.w.org\/{rel}","templated":true}]}}