{"id":46,"date":"2014-08-17T02:05:06","date_gmt":"2014-08-17T00:05:06","guid":{"rendered":"http:\/\/goteborglacrosse.wordpress.com\/?page_id=46"},"modified":"2020-10-26T20:40:33","modified_gmt":"2020-10-26T19:40:33","slug":"drake-in-a-box","status":"publish","type":"page","link":"https:\/\/goteborglacrosse.se\/index.php\/vara-turneringar\/drake-in-a-box\/","title":{"rendered":"Drake in a Box"},"content":{"rendered":"<p>Drake in a Box \u00e4r en inomhusturnering i Box Lacrosse som tidigare har anordnats av G\u00f6teborg Lacrosse. Turneringen spelades i februari och var ett popul\u00e4rt tillf\u00e4lle f\u00f6r matchspel under vintern d\u00e5 det annars \u00e4r l\u00e5gs\u00e4song f\u00f6r lacrosse i Europa.<\/p>\n<p>Turneringen har inte spelats de senaste \u00e5ren f\u00e5r se vad framtiden visar.<\/p>\n<p><a href=\"http:\/\/goteborglacrosse.se\/wp-content\/uploads\/2015\/02\/box.jpg\"><img decoding=\"async\" loading=\"lazy\" class=\" size-full wp-image-146 aligncenter\" src=\"http:\/\/goteborglacrosse.se\/wp-content\/uploads\/2015\/02\/box.jpg\" alt=\"box\" width=\"234\" height=\"198\" \/><\/a><\/p>\n","protected":false},"excerpt":{"rendered":"<p>Drake in a Box \u00e4r en inomhusturnering i Box Lacrosse som tidigare har anordnats av G\u00f6teborg Lacrosse. Turneringen spelades i februari och var ett popul\u00e4rt tillf\u00e4lle f\u00f6r matchspel under vintern d\u00e5 det annars \u00e4r l\u00e5gs\u00e4song f\u00f6r lacrosse i Europa. Turneringen har inte spelats de senaste \u00e5ren f\u00e5r se vad framtiden visar.<\/p>\n","protected":false},"author":1,"featured_media":0,"parent":43,"menu_order":0,"comment_status":"closed","ping_status":"closed","template":"","meta":[],"_links":{"self":[{"href":"https:\/\/goteborglacrosse.se\/index.php\/wp-json\/wp\/v2\/pages\/46"}],"collection":[{"href":"https:\/\/goteborglacrosse.se\/index.php\/wp-json\/wp\/v2\/pages"}],"about":[{"href":"https:\/\/goteborglacrosse.se\/index.php\/wp-json\/wp\/v2\/types\/page"}],"author":[{"embeddable":true,"href":"https:\/\/goteborglacrosse.se\/index.php\/wp-json\/wp\/v2\/users\/1"}],"replies":[{"embeddable":true,"href":"https:\/\/goteborglacrosse.se\/index.php\/wp-json\/wp\/v2\/comments?post=46"}],"version-history":[{"count":4,"href":"https:\/\/goteborglacrosse.se\/index.php\/wp-json\/wp\/v2\/pages\/46\/revisions"}],"predecessor-version":[{"id":570,"href":"https:\/\/goteborglacrosse.se\/index.php\/wp-json\/wp\/v2\/pages\/46\/revisions\/570"}],"up":[{"embeddable":true,"href":"https:\/\/goteborglacrosse.se\/index.php\/wp-json\/wp\/v2\/pages\/43"}],"wp:attachment":[{"href":"https:\/\/goteborglacrosse.se\/index.php\/wp-json\/wp\/v2\/media?parent=46"}],"curies":[{"name":"wp","href":"https:\/\/api.w.org\/{rel}","templated":true}]}}