{"id":43,"date":"2014-08-17T02:04:45","date_gmt":"2014-08-17T00:04:45","guid":{"rendered":"http:\/\/goteborglacrosse.wordpress.com\/?page_id=43"},"modified":"2020-10-26T20:48:41","modified_gmt":"2020-10-26T19:48:41","slug":"vara-turneringar","status":"publish","type":"page","link":"https:\/\/goteborglacrosse.se\/index.php\/vara-turneringar\/","title":{"rendered":"V\u00e5ra turneringar"},"content":{"rendered":"<h5>F\u00f6rr om \u00e5ren anordnades tv\u00e5 turneringar i G\u00f6teborg.<\/h5>\n<h6><a href=\"https:\/\/goteborglacrosse.se\/index.php\/vara-turneringar\/drake-in-a-box\/\"><strong>Drake in a Box<\/strong><\/a><\/h6>\n<h6><strong><a href=\"https:\/\/goteborglacrosse.se\/index.php\/vara-turneringar\/goteborg-classic-lacrosse-tournament\/\">G\u00f6teborg Classic Lacrosse Tournament<\/a><br \/><\/strong><\/h6>\n<h6>F\u00e5r se vad som h\u00e4nder i framtiden \ud83d\ude42<\/h6>\n\n\n<p><\/p>\n","protected":false},"excerpt":{"rendered":"<p>F\u00f6rr om \u00e5ren anordnades tv\u00e5 turneringar i G\u00f6teborg. Drake in a Box G\u00f6teborg Classic Lacrosse Tournament F\u00e5r se vad som h\u00e4nder i framtiden \ud83d\ude42<\/p>\n","protected":false},"author":1,"featured_media":0,"parent":0,"menu_order":0,"comment_status":"closed","ping_status":"closed","template":"","meta":[],"_links":{"self":[{"href":"https:\/\/goteborglacrosse.se\/index.php\/wp-json\/wp\/v2\/pages\/43"}],"collection":[{"href":"https:\/\/goteborglacrosse.se\/index.php\/wp-json\/wp\/v2\/pages"}],"about":[{"href":"https:\/\/goteborglacrosse.se\/index.php\/wp-json\/wp\/v2\/types\/page"}],"author":[{"embeddable":true,"href":"https:\/\/goteborglacrosse.se\/index.php\/wp-json\/wp\/v2\/users\/1"}],"replies":[{"embeddable":true,"href":"https:\/\/goteborglacrosse.se\/index.php\/wp-json\/wp\/v2\/comments?post=43"}],"version-history":[{"count":8,"href":"https:\/\/goteborglacrosse.se\/index.php\/wp-json\/wp\/v2\/pages\/43\/revisions"}],"predecessor-version":[{"id":574,"href":"https:\/\/goteborglacrosse.se\/index.php\/wp-json\/wp\/v2\/pages\/43\/revisions\/574"}],"wp:attachment":[{"href":"https:\/\/goteborglacrosse.se\/index.php\/wp-json\/wp\/v2\/media?parent=43"}],"curies":[{"name":"wp","href":"https:\/\/api.w.org\/{rel}","templated":true}]}}