{"id":39,"date":"2014-08-17T02:00:17","date_gmt":"2014-08-17T00:00:17","guid":{"rendered":"http:\/\/goteborglacrosse.wordpress.com\/?page_id=39"},"modified":"2024-05-23T10:41:29","modified_gmt":"2024-05-23T08:41:29","slug":"ungdomslag","status":"publish","type":"page","link":"https:\/\/goteborglacrosse.se\/index.php\/vara-lag\/ungdomslag\/","title":{"rendered":"Damjuniorer"},"content":{"rendered":"<h4>G\u00f6teborgs f\u00f6rsta ungdomslag startades 2019.<\/h4>\n<p>F\u00f6r tjejer i \u00e5ldrarna 12 till 16 \u00e5r.<\/p>\n<p>Landslagsmeriterade <strong>Angelika Karlsson<\/strong> \u00e4r lagets tr\u00e4nare.<\/p>\n<p>Du kontaktar henne genom att maila damjunior(a)goteborglacrosse.se<\/p>\n","protected":false},"excerpt":{"rendered":"<p>G\u00f6teborgs f\u00f6rsta ungdomslag startades 2019. F\u00f6r tjejer i \u00e5ldrarna 12 till 16 \u00e5r. Landslagsmeriterade Angelika Karlsson \u00e4r lagets tr\u00e4nare. Du kontaktar henne genom att maila damjunior(a)goteborglacrosse.se<\/p>\n","protected":false},"author":1,"featured_media":0,"parent":33,"menu_order":0,"comment_status":"closed","ping_status":"closed","template":"","meta":[],"_links":{"self":[{"href":"https:\/\/goteborglacrosse.se\/index.php\/wp-json\/wp\/v2\/pages\/39"}],"collection":[{"href":"https:\/\/goteborglacrosse.se\/index.php\/wp-json\/wp\/v2\/pages"}],"about":[{"href":"https:\/\/goteborglacrosse.se\/index.php\/wp-json\/wp\/v2\/types\/page"}],"author":[{"embeddable":true,"href":"https:\/\/goteborglacrosse.se\/index.php\/wp-json\/wp\/v2\/users\/1"}],"replies":[{"embeddable":true,"href":"https:\/\/goteborglacrosse.se\/index.php\/wp-json\/wp\/v2\/comments?post=39"}],"version-history":[{"count":7,"href":"https:\/\/goteborglacrosse.se\/index.php\/wp-json\/wp\/v2\/pages\/39\/revisions"}],"predecessor-version":[{"id":674,"href":"https:\/\/goteborglacrosse.se\/index.php\/wp-json\/wp\/v2\/pages\/39\/revisions\/674"}],"up":[{"embeddable":true,"href":"https:\/\/goteborglacrosse.se\/index.php\/wp-json\/wp\/v2\/pages\/33"}],"wp:attachment":[{"href":"https:\/\/goteborglacrosse.se\/index.php\/wp-json\/wp\/v2\/media?parent=39"}],"curies":[{"name":"wp","href":"https:\/\/api.w.org\/{rel}","templated":true}]}}