{"id":383,"date":"2017-05-17T14:47:13","date_gmt":"2017-05-17T12:47:13","guid":{"rendered":"http:\/\/goteborglacrosse.se\/?page_id=383"},"modified":"2024-05-23T10:41:05","modified_gmt":"2024-05-23T08:41:05","slug":"medlemsavgift","status":"publish","type":"page","link":"https:\/\/goteborglacrosse.se\/index.php\/medlemsavgift\/","title":{"rendered":"Medlemsavgift"},"content":{"rendered":"<p>\u00a0<\/p>\n<h5><strong><span style=\"color: #ff0000;\">V\u00e4nligen gl\u00f6m inte att fylla i vem inbetalning g\u00e4ller f\u00f6r!<\/span><\/strong><\/h5>\n<h4>Hel\u00e5rs medlem: 800 kr\/\u00e5r<br \/>Halv\u00e5rs medlem: 500 kr\/\u00e5r<\/h4>\n<h4><span style=\"color: #ff0000;\">\u2665<\/span><strong><span style=\"color: #000080;\"> St\u00f6dmedlem: Valfritt belopp \u00a0<\/span><\/strong><span style=\"color: #ff0000;\">\u2665<\/span><\/h4>\n<p><strong>\u00a0Inbetalning till Bank-Giro: 203-0518.<\/strong><\/p>\n<p>Medlemsavgiften \u00e4r till f\u00f6r att t\u00e4cka utgifter s\u00e5som:<\/p>\n<ul>\n<li data-aria-level=\"1\" data-aria-posinset=\"1\" data-listid=\"1\">Spelarlicenser<\/li>\n<li data-aria-level=\"1\" data-aria-posinset=\"2\" data-listid=\"1\">Medlemskap i f\u00f6rbundet<\/li>\n<li data-aria-level=\"1\" data-aria-posinset=\"3\" data-listid=\"1\">Banktj\u00e4nster<\/li>\n<li data-aria-level=\"1\" data-aria-posinset=\"4\" data-listid=\"1\">Gemensamma ink\u00f6p<\/li>\n<li data-aria-level=\"1\" data-aria-posinset=\"5\" data-listid=\"1\">Gemensamma arrangemang<\/li>\n<li data-aria-level=\"1\" data-aria-posinset=\"6\" data-listid=\"2\">Tr\u00e4ningstider<\/li>\n<li data-aria-level=\"1\" data-aria-posinset=\"7\" data-listid=\"2\">Materialink\u00f6p till sektionen<\/li>\n<li data-aria-level=\"1\" data-aria-posinset=\"8\" data-listid=\"2\">Egna arrangemang, i enighet med f\u00f6reningens syfte<\/li>\n<\/ul>\n<p>F\u00f6ljande t\u00e4cks INTE av medlemsavgiften:<\/p>\n<ul>\n<li data-aria-level=\"1\" data-aria-posinset=\"9\" data-listid=\"3\">Matchkostnader<\/li>\n<li data-aria-level=\"1\" data-aria-posinset=\"10\" data-listid=\"3\">Turneringskostnader<\/li>\n<li data-aria-level=\"1\" data-aria-posinset=\"11\" data-listid=\"3\">Tr\u00e4ningsl\u00e4ger<\/li>\n<li data-aria-level=\"1\" data-aria-posinset=\"12\" data-listid=\"3\">Resekostnader<\/li>\n<\/ul>\n\n\n<p><\/p>\n","protected":false},"excerpt":{"rendered":"<p>\u00a0 V\u00e4nligen gl\u00f6m inte att fylla i vem inbetalning g\u00e4ller f\u00f6r! Hel\u00e5rs medlem: 800 kr\/\u00e5rHalv\u00e5rs medlem: 500 kr\/\u00e5r \u2665 St\u00f6dmedlem: Valfritt belopp \u00a0\u2665 \u00a0Inbetalning till Bank-Giro: 203-0518. Medlemsavgiften \u00e4r till f\u00f6r att t\u00e4cka utgifter s\u00e5som: Spelarlicenser Medlemskap i f\u00f6rbundet Banktj\u00e4nster Gemensamma ink\u00f6p Gemensamma arrangemang Tr\u00e4ningstider Materialink\u00f6p till sektionen Egna arrangemang, i enighet med f\u00f6reningens syfte [&hellip;]<\/p>\n","protected":false},"author":1,"featured_media":0,"parent":0,"menu_order":0,"comment_status":"closed","ping_status":"closed","template":"","meta":[],"_links":{"self":[{"href":"https:\/\/goteborglacrosse.se\/index.php\/wp-json\/wp\/v2\/pages\/383"}],"collection":[{"href":"https:\/\/goteborglacrosse.se\/index.php\/wp-json\/wp\/v2\/pages"}],"about":[{"href":"https:\/\/goteborglacrosse.se\/index.php\/wp-json\/wp\/v2\/types\/page"}],"author":[{"embeddable":true,"href":"https:\/\/goteborglacrosse.se\/index.php\/wp-json\/wp\/v2\/users\/1"}],"replies":[{"embeddable":true,"href":"https:\/\/goteborglacrosse.se\/index.php\/wp-json\/wp\/v2\/comments?post=383"}],"version-history":[{"count":10,"href":"https:\/\/goteborglacrosse.se\/index.php\/wp-json\/wp\/v2\/pages\/383\/revisions"}],"predecessor-version":[{"id":672,"href":"https:\/\/goteborglacrosse.se\/index.php\/wp-json\/wp\/v2\/pages\/383\/revisions\/672"}],"wp:attachment":[{"href":"https:\/\/goteborglacrosse.se\/index.php\/wp-json\/wp\/v2\/media?parent=383"}],"curies":[{"name":"wp","href":"https:\/\/api.w.org\/{rel}","templated":true}]}}