{"id":350,"date":"2024-05-23T10:41:01","date_gmt":"2024-05-23T08:41:01","guid":{"rendered":"http:\/\/goteborglacrosse.se\/?page_id=350"},"modified":"2024-05-23T10:41:02","modified_gmt":"2024-05-23T08:41:02","slug":"kontakt","status":"publish","type":"page","link":"https:\/\/goteborglacrosse.se\/index.php\/kontakt\/","title":{"rendered":"Kontakt"},"content":{"rendered":"<p>Du n\u00e5r oss l\u00e4ttast via info(a)goteborglacrosse.se eller via v\u00e5r facebooksida.<\/p>\n<p>Vidare \u00e4r du v\u00e4lkommen att kontakta<\/p>\n<p>Ordf\u00f6rande via ordforande(a)goteborglacrosse.se<br \/>\nKass\u00f6r via kassor(a)goteborglacrosse.se<\/p>\n","protected":false},"excerpt":{"rendered":"<p>Du n\u00e5r oss l\u00e4ttast via info(a)goteborglacrosse.se eller via v\u00e5r facebooksida. Vidare \u00e4r du v\u00e4lkommen att kontakta Ordf\u00f6rande via ordforande(a)goteborglacrosse.se Kass\u00f6r via kassor(a)goteborglacrosse.se<\/p>\n","protected":false},"author":2,"featured_media":0,"parent":0,"menu_order":0,"comment_status":"closed","ping_status":"closed","template":"","meta":[],"_links":{"self":[{"href":"https:\/\/goteborglacrosse.se\/index.php\/wp-json\/wp\/v2\/pages\/350"}],"collection":[{"href":"https:\/\/goteborglacrosse.se\/index.php\/wp-json\/wp\/v2\/pages"}],"about":[{"href":"https:\/\/goteborglacrosse.se\/index.php\/wp-json\/wp\/v2\/types\/page"}],"author":[{"embeddable":true,"href":"https:\/\/goteborglacrosse.se\/index.php\/wp-json\/wp\/v2\/users\/2"}],"replies":[{"embeddable":true,"href":"https:\/\/goteborglacrosse.se\/index.php\/wp-json\/wp\/v2\/comments?post=350"}],"version-history":[{"count":2,"href":"https:\/\/goteborglacrosse.se\/index.php\/wp-json\/wp\/v2\/pages\/350\/revisions"}],"predecessor-version":[{"id":671,"href":"https:\/\/goteborglacrosse.se\/index.php\/wp-json\/wp\/v2\/pages\/350\/revisions\/671"}],"wp:attachment":[{"href":"https:\/\/goteborglacrosse.se\/index.php\/wp-json\/wp\/v2\/media?parent=350"}],"curies":[{"name":"wp","href":"https:\/\/api.w.org\/{rel}","templated":true}]}}