{"id":33,"date":"2014-08-17T01:57:59","date_gmt":"2014-08-16T23:57:59","guid":{"rendered":"http:\/\/goteborglacrosse.wordpress.com\/?page_id=33"},"modified":"2024-05-23T10:41:22","modified_gmt":"2024-05-23T08:41:22","slug":"vara-lag","status":"publish","type":"page","link":"https:\/\/goteborglacrosse.se\/index.php\/vara-lag\/","title":{"rendered":"V\u00e5ra lag"},"content":{"rendered":"<h4>\u00a0<\/h4>\n<h4><a href=\"http:\/\/goteborglacrosse.se\/index.php\/vara-lag\/ungdomslag\/\">Damjuniorer<\/a><br \/><span style=\"font-size: inherit;\"><a href=\"http:\/\/goteborglacrosse.se\/index.php\/vara-lag\/damlag\/\">Damlag<\/a><br \/><\/span><a href=\"https:\/\/goteborglacrosse.se\/index.php\/vara-lag\/herrlaget\/\"><span style=\"font-size: inherit;\">Herrlag\u00a0<\/span><\/a><\/h4>\n<h5>\u00a0<\/h5>\n<h5>Vi s\u00f6ker st\u00e4ndigt nya spelare till alla v\u00e5ra lag.<br \/>info(a)goteborglacrosse.se<\/h5>\n<p>\u00a0<\/p>\n\n\n<p><\/p>\n","protected":false},"excerpt":{"rendered":"<p>\u00a0 DamjuniorerDamlagHerrlag\u00a0 \u00a0 Vi s\u00f6ker st\u00e4ndigt nya spelare till alla v\u00e5ra lag.info(a)goteborglacrosse.se \u00a0<\/p>\n","protected":false},"author":1,"featured_media":0,"parent":0,"menu_order":0,"comment_status":"closed","ping_status":"closed","template":"","meta":[],"_links":{"self":[{"href":"https:\/\/goteborglacrosse.se\/index.php\/wp-json\/wp\/v2\/pages\/33"}],"collection":[{"href":"https:\/\/goteborglacrosse.se\/index.php\/wp-json\/wp\/v2\/pages"}],"about":[{"href":"https:\/\/goteborglacrosse.se\/index.php\/wp-json\/wp\/v2\/types\/page"}],"author":[{"embeddable":true,"href":"https:\/\/goteborglacrosse.se\/index.php\/wp-json\/wp\/v2\/users\/1"}],"replies":[{"embeddable":true,"href":"https:\/\/goteborglacrosse.se\/index.php\/wp-json\/wp\/v2\/comments?post=33"}],"version-history":[{"count":8,"href":"https:\/\/goteborglacrosse.se\/index.php\/wp-json\/wp\/v2\/pages\/33\/revisions"}],"predecessor-version":[{"id":673,"href":"https:\/\/goteborglacrosse.se\/index.php\/wp-json\/wp\/v2\/pages\/33\/revisions\/673"}],"wp:attachment":[{"href":"https:\/\/goteborglacrosse.se\/index.php\/wp-json\/wp\/v2\/media?parent=33"}],"curies":[{"name":"wp","href":"https:\/\/api.w.org\/{rel}","templated":true}]}}