{"id":30,"date":"2014-08-17T01:56:55","date_gmt":"2014-08-16T23:56:55","guid":{"rendered":"http:\/\/goteborglacrosse.wordpress.com\/?page_id=30"},"modified":"2024-05-23T10:42:08","modified_gmt":"2024-05-23T08:42:08","slug":"herrlaget","status":"publish","type":"page","link":"https:\/\/goteborglacrosse.se\/index.php\/vara-lag\/herrlaget\/","title":{"rendered":"Herrlag"},"content":{"rendered":"<p><strong>Vad \u00e4r herrlacrosse?<\/strong><\/p>\n<p>Herrlacrosse har funnits i hundratals \u00e5r och spelades fr\u00e5n b\u00f6rjan av urinv\u00e5narna i Nordamerika.<br \/>\nSedan dess har naturligtvis mycket h\u00e4nt. Spelet och utrustningen har med tiden utvecklats och mycket har h\u00e4nt de senaste 20 \u00e5ren.<\/p>\n<p>Lacrosse \u00e4r en snabb, teknisk och fysisk sport. Det s\u00e4gs ofta att lacrosse \u00e4r v\u00e4ldens snabbaste lagbollsport.<\/p>\n<p>M\u00e5let med lacrosse \u00e4r att skjuta den solida gummibollen f\u00f6rbi m\u00e5lvakten som vaktar m\u00e5let som m\u00e4ter 180cm x 180cm.<br \/>\nF\u00f6r att \u00e5stadkomma detta beh\u00f6ver lagets 10 spelare f\u00f6rs\u00f6ka ta sig till m\u00e5lchanser genom snabbt passningsspel, finter och taktik \u00f6ver planen som \u00e4r lika stor som en fotbollsplan.<br \/>\nF\u00f6rsvarande lags uppgift \u00e4r sj\u00e4lvfallet att f\u00f6rhindra att det blir m\u00e5l genom att f\u00f6rs\u00f6ka ta bollen med hj\u00e4lp av sin egen klubba och genom tacklingar eller att man\u00f6vrera ut anfallet.<\/p>\n<p style=\"text-align: center;\"><a href=\"http:\/\/goteborglacrosse.se\/wp-content\/uploads\/2015\/02\/eken.jpg\"><img decoding=\"async\" loading=\"lazy\" class=\"alignnone size-large wp-image-130\" src=\"http:\/\/goteborglacrosse.se\/wp-content\/uploads\/2015\/02\/eken.jpg?w=480\" alt=\"Eken\" width=\"480\" height=\"377\" srcset=\"https:\/\/goteborglacrosse.se\/wp-content\/uploads\/2015\/02\/eken.jpg 1119w, https:\/\/goteborglacrosse.se\/wp-content\/uploads\/2015\/02\/eken-300x235.jpg 300w, https:\/\/goteborglacrosse.se\/wp-content\/uploads\/2015\/02\/eken-1024x803.jpg 1024w\" sizes=\"(max-width: 480px) 100vw, 480px\" \/><\/a><\/p>\n<p>I lacrosse anv\u00e4nder man sig av en klubba som best\u00e5r av ett skaft och en &#8221;h\u00e5v&#8221;. Med detta redskap kan man slunga iv\u00e4g bollen, till exempel som ett skott eller en passning, samt plocka upp bollen fr\u00e5n marken.<br \/>\nDet kan verka sv\u00e5rt att hantera klubban till en b\u00f6rjan men med lite \u00f6vning och t\u00e5lamod f\u00e5r man snart kontroll.<\/p>\n<p>Man har \u00e4ven skyddsutrustning i form av hj\u00e4lm, axelskydd, armb\u00e5gsskydd, handskar och suspensoar. Detta f\u00f6r att\u00a0skydda spelaren fr\u00e5n tacklingar, slag och skott.<img decoding=\"async\" loading=\"lazy\" class=\" size-medium wp-image-129 aligncenter\" src=\"http:\/\/goteborglacrosse.se\/wp-content\/uploads\/2015\/02\/lax-gear.jpg?w=300\" alt=\"lax-gear\" width=\"300\" height=\"300\" srcset=\"https:\/\/goteborglacrosse.se\/wp-content\/uploads\/2015\/02\/lax-gear.jpg 1000w, https:\/\/goteborglacrosse.se\/wp-content\/uploads\/2015\/02\/lax-gear-150x150.jpg 150w, https:\/\/goteborglacrosse.se\/wp-content\/uploads\/2015\/02\/lax-gear-300x300.jpg 300w\" sizes=\"(max-width: 300px) 100vw, 300px\" \/><\/p>\n<p><strong><span style=\"color: #000000;\">\u00a0<\/span><\/strong><\/p>\n<h5><strong>Oavsett \u00e5lder, kroppsbyggnad och tidigare erfarenheter kan du vara med och bidra i v\u00e5rt lacrosselag s\u00e5 l\u00e4nge du har r\u00e4tt inst\u00e4llning!\u00a0<\/strong><\/h5>\n<p>Vi har f\u00f6r tillf\u00e4llet ingen ungdomsverksamhet f\u00f6r herrjuniorer\u00a0 och har d\u00e5 ingen m\u00f6jlighet att ta emot ungdomar under 16 \u00e5r p\u00e5 v\u00e5ra tr\u00e4ningar, d\u00e5 skaderisken anses f\u00f6r stor att spela med Seniorer.<\/p>\n<p>Har du n\u00e5gra funderingar eller fr\u00e5gor f\u00e5r du g\u00e4rna kontakta oss.<br \/>\nHar du m\u00f6jlighet att hj\u00e4lpa till och vill starta ett herrjuniorlag?<br \/>\nKanske vill du bara h\u00f6ra mer om hur sporten?<br \/>\nVad du \u00e4n vill- maila g\u00e4rna\u00a0ungdom(a)goteborglacrosse.se!<\/p>\n","protected":false},"excerpt":{"rendered":"<p>Vad \u00e4r herrlacrosse? Herrlacrosse har funnits i hundratals \u00e5r och spelades fr\u00e5n b\u00f6rjan av urinv\u00e5narna i Nordamerika. Sedan dess har naturligtvis mycket h\u00e4nt. Spelet och utrustningen har med tiden utvecklats och mycket har h\u00e4nt de senaste 20 \u00e5ren. Lacrosse \u00e4r en snabb, teknisk och fysisk sport. Det s\u00e4gs ofta att lacrosse \u00e4r v\u00e4ldens snabbaste lagbollsport. [&hellip;]<\/p>\n","protected":false},"author":1,"featured_media":0,"parent":33,"menu_order":0,"comment_status":"closed","ping_status":"closed","template":"","meta":[],"_links":{"self":[{"href":"https:\/\/goteborglacrosse.se\/index.php\/wp-json\/wp\/v2\/pages\/30"}],"collection":[{"href":"https:\/\/goteborglacrosse.se\/index.php\/wp-json\/wp\/v2\/pages"}],"about":[{"href":"https:\/\/goteborglacrosse.se\/index.php\/wp-json\/wp\/v2\/types\/page"}],"author":[{"embeddable":true,"href":"https:\/\/goteborglacrosse.se\/index.php\/wp-json\/wp\/v2\/users\/1"}],"replies":[{"embeddable":true,"href":"https:\/\/goteborglacrosse.se\/index.php\/wp-json\/wp\/v2\/comments?post=30"}],"version-history":[{"count":9,"href":"https:\/\/goteborglacrosse.se\/index.php\/wp-json\/wp\/v2\/pages\/30\/revisions"}],"predecessor-version":[{"id":675,"href":"https:\/\/goteborglacrosse.se\/index.php\/wp-json\/wp\/v2\/pages\/30\/revisions\/675"}],"up":[{"embeddable":true,"href":"https:\/\/goteborglacrosse.se\/index.php\/wp-json\/wp\/v2\/pages\/33"}],"wp:attachment":[{"href":"https:\/\/goteborglacrosse.se\/index.php\/wp-json\/wp\/v2\/media?parent=30"}],"curies":[{"name":"wp","href":"https:\/\/api.w.org\/{rel}","templated":true}]}}