{"id":27,"date":"2014-08-17T01:44:42","date_gmt":"2014-08-16T23:44:42","guid":{"rendered":"http:\/\/goteborglacrosse.wordpress.com\/?page_id=27"},"modified":"2024-05-23T10:32:42","modified_gmt":"2024-05-23T08:32:42","slug":"borja-spela-lacrosse","status":"publish","type":"page","link":"https:\/\/goteborglacrosse.se\/index.php\/borja-spela-lacrosse\/","title":{"rendered":"B\u00f6rja spela Lacrosse"},"content":{"rendered":"<h4>H\u00e4r har vi samlat lite information som kan vara bra att veta om man vill prova p\u00e5 lacrosse hos oss.<\/h4>\n<h5><strong>Kontaktinformation<\/strong><\/h5>\n<p>Vill du testa p\u00e5 att spela lacrosse, \u00e4r du v\u00e4lkommen att dyka upp p\u00e5 v\u00e5ra tr\u00e4ningar. Du hittar v\u00e5ra tr\u00e4ningstider i kalendern p\u00e5 f\u00f6rstasidan.<br \/>\nH\u00f6r g\u00e4rna av dig innan med mail p\u00e5 info(@)goteborglacrosse.se eller via <a title=\"G\u00f6teborg Lacrosse\" href=\"http:\/\/www.facebook.com\/goteborglacrosse\" target=\"_blank\" rel=\"noopener noreferrer\">Facebook<\/a>\u00a0s\u00e5 att vi kan f\u00f6rbereda och ta med n\u00f6dv\u00e4ndig utrustning.<\/p>\n<h5><strong>F\u00f6rkunskaper<\/strong><\/h5>\n<p><strong>Du beh\u00f6ver inga f\u00f6rkunskaper inom lacrosse f\u00f6r att spela med oss<\/strong>.<\/p>\n<p>Det som \u00e4r viktigt f\u00f6r oss \u00e4r att du har en positiv inst\u00e4llning och \u00e4r villig att k\u00e4mpa med oss. Tillsammans l\u00e4r vi dig grunderna n\u00e4r det g\u00e4ller klubbhantering, teknik och taktik.<\/p>\n<p><strong>Alla kan l\u00e4ra sig med lite \u00f6vning.<\/strong><\/p>\n<p>Alla \u00e4r v\u00e4lkomna till oss och \u00e4r med p\u00e5 sina egna villkor. Det viktiga f\u00f6r oss \u00e4r som sagt att man k\u00e4mpar och g\u00f6r sitt yttersta. Vi har alla olika fysiska f\u00f6ruts\u00e4ttningar och det b\u00e4sta med lacrosse \u00e4r att man kan vara med oavsett hur man \u00e4r byggd! En person som \u00e4r liten och kvick kan bli en sv\u00e5rstoppad anfallare, en konditionsstark spelare beh\u00f6vs p\u00e5 mittf\u00e4ltet och stor och starka spelare brukar passa som tuffa f\u00f6rsvarare. Den viktigaste faktorn f\u00f6r att bli duktig p\u00e5 lacrosse \u00e4r klubbtekniken och h\u00e4r spelar din fysik mindre roll.<\/p>\n<p><strong>Utrustning<\/strong><\/p>\n<p>Vi har utrustning att l\u00e5na ut f\u00f6r dig som vill komma och testa p\u00e5 lacrosse!<\/p>\n<p>Vi har klubbor och all skyddsutrustning att l\u00e5na ut (f\u00f6rutom tandskydd, \u00f6gonskydd f\u00f6r damspelare och suspensoar f\u00f6r herrspelare). Det du beh\u00f6ver ha med dig n\u00e4r du kommer och tr\u00e4nar med oss \u00e4r skor som passar f\u00f6r underlaget och vanliga tr\u00e4ningskl\u00e4der som \u00e4r anpassade efter v\u00e4dret. Vi tr\u00e4nar oftast p\u00e5 konstgr\u00e4s vilket inneb\u00e4r att dubbskor t.ex. fotbollsskor l\u00e4mpar sig bra men andra typer av tr\u00e4ningsskor som l\u00f6parskor fungerar ocks\u00e5.<\/p>\n<p><strong>Tr\u00e4ning<\/strong><\/p>\n<p>Lacrosse utes\u00e4song p\u00e5g\u00e5r mellan mars\/april till slutet av oktober. Vi tr\u00e4nar p\u00e5 Heden i centrala G\u00f6teborg. Vi tr\u00e4nar tv\u00e5 g\u00e5nger i veckan d\u00e4r v\u00e5rt herrlag och damlag tr\u00e4nar samtidigt. Du kan se n\u00e4r det \u00e4r tr\u00e4ning i v\u00e5r kalender h\u00e4r p\u00e5 hemsidan.<\/p>\n<p>Under perioden januari till april p\u00e5g\u00e5r f\u00f6rs\u00e4songen och mellan oktober -december p\u00e5g\u00e5r det efters\u00e4song. D\u00e5 tr\u00e4nar vi inomhus en g\u00e5ng i veckan i centrala G\u00f6teborg.<\/p>\n<p>P\u00e5 tr\u00e4ningarna tr\u00e4nar vi alltid p\u00e5 lacrossens grunder, vilket bland annat innefattar passningar, skott, finter och markbollar. Ut\u00f6ver detta har vi olika spel\u00f6vningar och simulerar matchsituationer f\u00f6r att bli b\u00e4ttre i det taktiska spelet och matchspelet. V\u00e5ra spelare har olika kunskapsniv\u00e5 och erfarenhet men v\u00e5r m\u00e5ls\u00e4ttning \u00e4r att alla ska utmanas och utvecklas p\u00e5 tr\u00e4ningen.<\/p>\n<p><b>B\u00f6rja spela lacrosse!<\/b><\/p>\n<p>Du \u00e4r varmt v\u00e4lkommen att h\u00f6ra av dig till oss p\u00e5 kontaktuppgifterna ovan!<\/p>\n","protected":false},"excerpt":{"rendered":"<p>H\u00e4r har vi samlat lite information som kan vara bra att veta om man vill prova p\u00e5 lacrosse hos oss. Kontaktinformation Vill du testa p\u00e5 att spela lacrosse, \u00e4r du v\u00e4lkommen att dyka upp p\u00e5 v\u00e5ra tr\u00e4ningar. Du hittar v\u00e5ra tr\u00e4ningstider i kalendern p\u00e5 f\u00f6rstasidan. H\u00f6r g\u00e4rna av dig innan med mail p\u00e5 info(@)goteborglacrosse.se eller [&hellip;]<\/p>\n","protected":false},"author":1,"featured_media":0,"parent":0,"menu_order":0,"comment_status":"closed","ping_status":"closed","template":"","meta":[],"_links":{"self":[{"href":"https:\/\/goteborglacrosse.se\/index.php\/wp-json\/wp\/v2\/pages\/27"}],"collection":[{"href":"https:\/\/goteborglacrosse.se\/index.php\/wp-json\/wp\/v2\/pages"}],"about":[{"href":"https:\/\/goteborglacrosse.se\/index.php\/wp-json\/wp\/v2\/types\/page"}],"author":[{"embeddable":true,"href":"https:\/\/goteborglacrosse.se\/index.php\/wp-json\/wp\/v2\/users\/1"}],"replies":[{"embeddable":true,"href":"https:\/\/goteborglacrosse.se\/index.php\/wp-json\/wp\/v2\/comments?post=27"}],"version-history":[{"count":21,"href":"https:\/\/goteborglacrosse.se\/index.php\/wp-json\/wp\/v2\/pages\/27\/revisions"}],"predecessor-version":[{"id":664,"href":"https:\/\/goteborglacrosse.se\/index.php\/wp-json\/wp\/v2\/pages\/27\/revisions\/664"}],"wp:attachment":[{"href":"https:\/\/goteborglacrosse.se\/index.php\/wp-json\/wp\/v2\/media?parent=27"}],"curies":[{"name":"wp","href":"https:\/\/api.w.org\/{rel}","templated":true}]}}